{"id":84,"date":"2020-04-03T17:25:57","date_gmt":"2020-04-03T15:25:57","guid":{"rendered":"http:\/\/hopital-de-campagne.com\/?page_id=84"},"modified":"2022-03-04T17:14:28","modified_gmt":"2022-03-04T16:14:28","slug":"le-bulletin-dadhesion","status":"publish","type":"page","link":"https:\/\/hopital-de-campagne.com\/index.php\/le-bulletin-dadhesion\/","title":{"rendered":"Bulletin d&rsquo;adh\u00e9sion"},"content":{"rendered":"\n<p>To access the English version of this page, please click <a href=\"https:\/\/hopital-de-campagne.com\/en\/index.php\/le-bulletin-dadhesion\/\">here<\/a>.<\/p>\n\n\n\n<h2 class=\"wp-block-heading\"><div role=\"form\" class=\"wpcf7\" id=\"wpcf7-f150-o1\" lang=\"fr-FR\" dir=\"ltr\">\n<div class=\"screen-reader-response\"><\/div>\n<form action=\"\/index.php\/wp-json\/wp\/v2\/pages\/84#wpcf7-f150-o1\" method=\"post\" class=\"wpcf7-form\" novalidate=\"novalidate\">\n<div style=\"display: none;\">\n<input type=\"hidden\" name=\"_wpcf7\" value=\"150\" \/>\n<input type=\"hidden\" name=\"_wpcf7_version\" value=\"5.1.7\" \/>\n<input type=\"hidden\" name=\"_wpcf7_locale\" value=\"fr_FR\" \/>\n<input type=\"hidden\" name=\"_wpcf7_unit_tag\" value=\"wpcf7-f150-o1\" \/>\n<input type=\"hidden\" name=\"_wpcf7_container_post\" value=\"0\" \/>\n<\/div>\n<p>Je choisis de devenir Membre et je signe la Charte Ethique<\/p>\n<p><label> Nom<br \/>\n    <span class=\"wpcf7-form-control-wrap last-name\"><input type=\"text\" name=\"last-name\" value=\"\" size=\"40\" class=\"wpcf7-form-control wpcf7-text wpcf7-validates-as-required\" aria-required=\"true\" aria-invalid=\"false\" \/><\/span> <\/label><\/p>\n<p><label> Pr\u00e9nom<br \/>\n    <span class=\"wpcf7-form-control-wrap first-name\"><input type=\"text\" name=\"first-name\" value=\"\" size=\"40\" class=\"wpcf7-form-control wpcf7-text wpcf7-validates-as-required\" aria-required=\"true\" aria-invalid=\"false\" \/><\/span> <\/label><\/p>\n<p><label> Adresse<br \/>\n    <span class=\"wpcf7-form-control-wrap address\"><input type=\"text\" name=\"address\" value=\"\" size=\"40\" class=\"wpcf7-form-control wpcf7-text wpcf7-validates-as-required\" aria-required=\"true\" aria-invalid=\"false\" \/><\/span> <\/label><\/p>\n<p><label> T\u00e9l\u00e9phone<br \/>\n    <span class=\"wpcf7-form-control-wrap telephone\"><input type=\"text\" name=\"telephone\" value=\"\" size=\"40\" class=\"wpcf7-form-control wpcf7-text wpcf7-validates-as-required\" aria-required=\"true\" aria-invalid=\"false\" \/><\/span> <\/label><\/p>\n<p><label> E-mail<br \/>\n    <span class=\"wpcf7-form-control-wrap your-email\"><input type=\"email\" name=\"your-email\" value=\"\" size=\"40\" class=\"wpcf7-form-control wpcf7-text wpcf7-email wpcf7-validates-as-required wpcf7-validates-as-email\" aria-required=\"true\" aria-invalid=\"false\" \/><\/span> <\/label><\/p>\n<p>Je souhaite devenir Membre et je coche la case correspondante<\/p>\n<p><span class=\"wpcf7-form-control-wrap checkbox-156\"><span class=\"wpcf7-form-control wpcf7-checkbox\"><span class=\"wpcf7-list-item first last\"><input type=\"checkbox\" name=\"checkbox-156[]\" value=\"Membre\" \/><span class=\"wpcf7-list-item-label\">Membre<\/span><\/span><\/span><\/span><\/p>\n<p>Je prends connaissance de la Charte Ethique de l\u2019Association<\/p>\n<p>CHARTE ETHIQUE DE L\u2019ASSOCIATION H\u00d4PITAL DE CAMPAGNE<\/p>\n<p>Notre Association, \u00e0 but non lucratif, souhaite construire des H\u00f4pitaux de Campagne, tant en France qu\u2019\u00e0 l\u2019\u00e9tranger, dans des zones de d\u00e9serts m\u00e9dicaux. Notre Association apporte son aide aux personnes souffrantes, notamment les enfants, dans la mesure de ses moyens. Nos activit\u00e9s caritatives humanitaires internationales sont men\u00e9es par nos \u00ab Equipes Sainte Elisabeth \u00bb. L\u2019Association met en place, au sein de chaque H\u00f4pital de Campagne, une Ecole dont le but est de former le personnel m\u00e9dical autochtone afin de les rendre aptes \u00e0 continuer cette \u0153uvre. Notre Association s\u2019inspire des valeurs de l\u2019Eglise Catholique et de ce fait notre Association met en place, au sein de chaque H\u00f4pital de Campagne, une Chapelle. Tous nos H\u00f4pitaux de Campagne sont construits sous le vocable de Saint Joseph. Notre Association \u00e0 but non lucratif, apporte son aide \u00e0 toute personne, quel que soit son pays d\u2019origine, quelle que soit sa condition, et quelles que soient sa religion ou ses opinions philosophiques ou politiques. Notre Association \u0153uvre dans tous les pays du monde. La dur\u00e9e de notre Association est illimit\u00e9e.<\/p>\n<p>Je reconnais avoir pris connaissance de la Charte Ethique de l\u2019Association \u00ab H\u00f4pital de Campagne \u00bb et j\u2019ai adh\u00e9r\u00e9 \u00e0 son contenu. <\/p>\n<p><label> Date<br \/>\n    <span class=\"wpcf7-form-control-wrap date\"><input type=\"text\" name=\"date\" value=\"\" size=\"40\" class=\"wpcf7-form-control wpcf7-text wpcf7-validates-as-required\" aria-required=\"true\" aria-invalid=\"false\" \/><\/span> <\/label><\/p>\n<p><label> Signature du membre<br \/>\n    <span class=\"wpcf7-form-control-wrap signature\"><input type=\"text\" name=\"signature\" value=\"\" size=\"40\" class=\"wpcf7-form-control wpcf7-text wpcf7-validates-as-required\" aria-required=\"true\" aria-invalid=\"false\" \/><\/span> <\/label><\/p>\n<p><input type=\"submit\" value=\"Envoyer\" class=\"wpcf7-form-control wpcf7-submit\" \/><\/p>\n<p>Si vous pr\u00e9f\u00e9rez remplir ce formulaire au format papier, vous pouvez aussi l\u2019imprimer et le remplir puis l\u2019envoyer par mail \u00e0 l\u2019adresse :<br \/>\nhopital.de.campagne@gmail.com<\/p>\n<p>Ou bien l'envoyer \u00e0 l\u2019adresse postale :<br \/>\nAssociation H\u00f4pital de Campagne<br \/>\n53 avenue de S\u00e9gur, 75007 PARIS \u2013 France<\/p>\n<p>Les informations recueillies sont n\u00e9cessaires pour votre adh\u00e9sion. Elles font l'objet d'un traitement informatique et sont destin\u00e9es au secr\u00e9tariat de l'Association. En application des articles 39 et suivants de la loi du 6 janvier 1978 modifi\u00e9e, vous b\u00e9n\u00e9ficiez d'un droit d'acc\u00e8s et de rectification aux informations qui vous concernent. Si vous souhaitez exercer ce droit d\u2019information, de modification, ou de r\u00e9tractation, et obtenir communication des informations vous concernant, veuillez-vous adresser \u00e0 cette adresse e-mail : hopital.de.campagne@gmail.com<\/p>\n<p>PROTOCOLE D'ADMISSION, COMME STIPULE DANS NOS STATUTS, ET DECRIT EN DETAIL SUR NOTRE SITE INTERNET<\/p>\n<p>Une fois que le Conseil d\u2019Administration aura re\u00e7u votre bulletin d\u2019Adh\u00e9sion, un dossier de candidature vous sera adress\u00e9 par courrier, comme Membre postulant dans l\u2019une des trois cat\u00e9gories de Membres : Membre Adh\u00e9rent, ou Membre Bienfaiteur, ou Membre Engag\u00e9 Religieusement. <\/p>\n<p>Il faudra nous retourner ce dossier avec les \u00e9l\u00e9ments demand\u00e9s, ainsi que la pr\u00e9cision de votre choix de cat\u00e9gorie de Membre. <\/p>\n<p>La qualit\u00e9 de Membre conf\u00e8re le droit de vote aux Assembl\u00e9es G\u00e9n\u00e9rales des Membres, et le droit de pr\u00e9senter sa candidature au poste de Repr\u00e9sentant des Membres au Conseil d\u2019Administration. <\/p>\n<p>Une fois que le Conseil d\u2019Administration, aura statu\u00e9 sur votre dossier de candidature, une carte d\u2019adh\u00e9rent vous sera envoy\u00e9e avec un num\u00e9ro d\u2019adh\u00e9rent d\u00e9finitif, correspondant \u00e0 la cat\u00e9gorie de Membre que vous aurez choisie.<\/p>\n<div class=\"wpcf7-response-output wpcf7-display-none\"><\/div><\/form><\/div><\/h2>\n","protected":false},"excerpt":{"rendered":"<p>To access the English version of this page, please click here.<\/p>\n","protected":false},"author":1,"featured_media":0,"parent":0,"menu_order":0,"comment_status":"closed","ping_status":"closed","template":"","meta":{"footnotes":""},"_links":{"self":[{"href":"https:\/\/hopital-de-campagne.com\/index.php\/wp-json\/wp\/v2\/pages\/84"}],"collection":[{"href":"https:\/\/hopital-de-campagne.com\/index.php\/wp-json\/wp\/v2\/pages"}],"about":[{"href":"https:\/\/hopital-de-campagne.com\/index.php\/wp-json\/wp\/v2\/types\/page"}],"author":[{"embeddable":true,"href":"https:\/\/hopital-de-campagne.com\/index.php\/wp-json\/wp\/v2\/users\/1"}],"replies":[{"embeddable":true,"href":"https:\/\/hopital-de-campagne.com\/index.php\/wp-json\/wp\/v2\/comments?post=84"}],"version-history":[{"count":7,"href":"https:\/\/hopital-de-campagne.com\/index.php\/wp-json\/wp\/v2\/pages\/84\/revisions"}],"predecessor-version":[{"id":761686,"href":"https:\/\/hopital-de-campagne.com\/index.php\/wp-json\/wp\/v2\/pages\/84\/revisions\/761686"}],"wp:attachment":[{"href":"https:\/\/hopital-de-campagne.com\/index.php\/wp-json\/wp\/v2\/media?parent=84"}],"curies":[{"name":"wp","href":"https:\/\/api.w.org\/{rel}","templated":true}]}}