{"id":76,"date":"2020-04-03T17:17:28","date_gmt":"2020-04-03T15:17:28","guid":{"rendered":"http:\/\/hopital-de-campagne.com\/?page_id=76"},"modified":"2022-03-04T17:04:13","modified_gmt":"2022-03-04T16:04:13","slug":"la-newsletter","status":"publish","type":"page","link":"https:\/\/hopital-de-campagne.com\/index.php\/la-newsletter\/","title":{"rendered":"La Newsletter"},"content":{"rendered":"\n<p>To access the English version of this page, please click <a href=\"https:\/\/hopital-de-campagne.com\/en\/index.php\/la-newsletter\/\">here<\/a>.<\/p>\n\n\n\n<p>La Newsletter de notre\nAssociation est en cours de r\u00e9daction. <\/p>\n\n\n\n<p><strong>Si vous \u00eates Membre\nde notre Association H\u00f4pital de Campagne&nbsp;: <\/strong><\/p>\n\n\n\n<p>Vous pourrez dans l\u2019avenir\nla recevoir directement dans votre bo\u00eete mail, il suffira pour cela de vous y\ninscrire en abonnement gratuit.<\/p>\n\n\n\n<p>Ou bien vous pourrez la lire\ndirectement sur notre site Web. <\/p>\n\n\n\n<p><strong>Si vous \u00eates n\u2019\u00eates\npas encore Membre de notre Association H\u00f4pital de Campagne&nbsp;: <\/strong><\/p>\n\n\n\n<p>Vous pourrez dans l\u2019avenir\nla lire directement sur notre site Web. <\/p>\n\n\n\n<p><\/p>\n","protected":false},"excerpt":{"rendered":"<p>To access the English version of this page, please click here. La Newsletter de notre Association est en cours de r\u00e9daction. Si vous \u00eates Membre de notre Association H\u00f4pital de Campagne&nbsp;: Vous pourrez dans l\u2019avenir la recevoir directement dans votre <a class=\"more-link\" href=\"https:\/\/hopital-de-campagne.com\/index.php\/la-newsletter\/\">Continuer la lecture <span class=\"screen-reader-text\">  La Newsletter<\/span><span class=\"meta-nav\">&rarr;<\/span><\/a><\/p>\n","protected":false},"author":1,"featured_media":0,"parent":0,"menu_order":0,"comment_status":"closed","ping_status":"closed","template":"","meta":{"footnotes":""},"_links":{"self":[{"href":"https:\/\/hopital-de-campagne.com\/index.php\/wp-json\/wp\/v2\/pages\/76"}],"collection":[{"href":"https:\/\/hopital-de-campagne.com\/index.php\/wp-json\/wp\/v2\/pages"}],"about":[{"href":"https:\/\/hopital-de-campagne.com\/index.php\/wp-json\/wp\/v2\/types\/page"}],"author":[{"embeddable":true,"href":"https:\/\/hopital-de-campagne.com\/index.php\/wp-json\/wp\/v2\/users\/1"}],"replies":[{"embeddable":true,"href":"https:\/\/hopital-de-campagne.com\/index.php\/wp-json\/wp\/v2\/comments?post=76"}],"version-history":[{"count":7,"href":"https:\/\/hopital-de-campagne.com\/index.php\/wp-json\/wp\/v2\/pages\/76\/revisions"}],"predecessor-version":[{"id":761679,"href":"https:\/\/hopital-de-campagne.com\/index.php\/wp-json\/wp\/v2\/pages\/76\/revisions\/761679"}],"wp:attachment":[{"href":"https:\/\/hopital-de-campagne.com\/index.php\/wp-json\/wp\/v2\/media?parent=76"}],"curies":[{"name":"wp","href":"https:\/\/api.w.org\/{rel}","templated":true}]}}