{"id":45,"date":"2020-04-01T14:51:54","date_gmt":"2020-04-01T12:51:54","guid":{"rendered":"http:\/\/hopital-de-campagne.com\/?page_id=45"},"modified":"2022-03-04T17:25:40","modified_gmt":"2022-03-04T16:25:40","slug":"la-construction-de-nos-hopitaux-de-campagne","status":"publish","type":"page","link":"https:\/\/hopital-de-campagne.com\/index.php\/la-construction-de-nos-hopitaux-de-campagne\/","title":{"rendered":"La construction de nos H\u00f4pitaux de Campagne"},"content":{"rendered":"\n<p>To access the English version of this page, please click <a href=\"https:\/\/hopital-de-campagne.com\/en\/index.php\/la-construction-de-nos-hopitaux-de-campagne\/\">here<\/a>.<\/p>\n\n\n\n<p class=\"has-text-align-center\"><strong>Nous avons besoin de vous<\/strong><\/p>\n\n\n\n<p class=\"has-text-align-center\"><strong>Aidez-nous \u00e0 construire nos H\u00f4pitaux&nbsp;<\/strong><\/p>\n\n\n\n<p>Notre Association H\u00f4pital de Campagne, \u00e0\nbut non lucratif,&nbsp;souhaite construire des H\u00f4pitaux dans les diff\u00e9rents\npays du Monde o\u00f9 se trouvent des zones de d\u00e9serts m\u00e9dicaux. <\/p>\n\n\n\n<p>Des\narchitectes nous aident pour la construction de nos H\u00f4pitaux de Campagne. <\/p>\n\n\n\n<p>Nos Activit\u00e9s Caritatives Humanitaires\nInternationales sont men\u00e9es par nos \u00e9quipes de b\u00e9n\u00e9voles. <\/p>\n\n\n\n<p>Tous travaillent dans le respect des valeurs catholiques de notre Association.<\/p>\n\n\n\n<p class=\"has-text-align-center\"><strong>Projet de construction d\u2019un H\u00f4pital de Campagne dans le Finist\u00e8re<\/strong><\/p>\n\n\n\n<p>Actuellement nous pr\u00e9parons la construction d\u2019un H\u00f4pital de Campagne dans le Finist\u00e8re en France. Nous cherchons activement \u00e0 obtenir les autorisations administratives n\u00e9cessaires ainsi que les financements. <\/p>\n\n\n\n<p>Monseigneur Laurent Dognin, Ev\u00eaque de Quimper et Leon, nous aide activement depuis plusieurs ann\u00e9es, pour la mise en place de notre H\u00f4pital de Campagne dans son dioc\u00e8se du Finist\u00e8re. <\/p>\n","protected":false},"excerpt":{"rendered":"<p>To access the English version of this page, please click here. Nous avons besoin de vous Aidez-nous \u00e0 construire nos H\u00f4pitaux&nbsp; Notre Association H\u00f4pital de Campagne, \u00e0 but non lucratif,&nbsp;souhaite construire des H\u00f4pitaux dans les diff\u00e9rents pays du Monde o\u00f9 <a class=\"more-link\" href=\"https:\/\/hopital-de-campagne.com\/index.php\/la-construction-de-nos-hopitaux-de-campagne\/\">Continuer la lecture <span class=\"screen-reader-text\">  La construction de nos H\u00f4pitaux de Campagne<\/span><span class=\"meta-nav\">&rarr;<\/span><\/a><\/p>\n","protected":false},"author":1,"featured_media":0,"parent":0,"menu_order":0,"comment_status":"closed","ping_status":"closed","template":"","meta":{"footnotes":""},"_links":{"self":[{"href":"https:\/\/hopital-de-campagne.com\/index.php\/wp-json\/wp\/v2\/pages\/45"}],"collection":[{"href":"https:\/\/hopital-de-campagne.com\/index.php\/wp-json\/wp\/v2\/pages"}],"about":[{"href":"https:\/\/hopital-de-campagne.com\/index.php\/wp-json\/wp\/v2\/types\/page"}],"author":[{"embeddable":true,"href":"https:\/\/hopital-de-campagne.com\/index.php\/wp-json\/wp\/v2\/users\/1"}],"replies":[{"embeddable":true,"href":"https:\/\/hopital-de-campagne.com\/index.php\/wp-json\/wp\/v2\/comments?post=45"}],"version-history":[{"count":7,"href":"https:\/\/hopital-de-campagne.com\/index.php\/wp-json\/wp\/v2\/pages\/45\/revisions"}],"predecessor-version":[{"id":761694,"href":"https:\/\/hopital-de-campagne.com\/index.php\/wp-json\/wp\/v2\/pages\/45\/revisions\/761694"}],"wp:attachment":[{"href":"https:\/\/hopital-de-campagne.com\/index.php\/wp-json\/wp\/v2\/media?parent=45"}],"curies":[{"name":"wp","href":"https:\/\/api.w.org\/{rel}","templated":true}]}}