{"id":429,"date":"2021-03-21T15:12:41","date_gmt":"2021-03-21T14:12:41","guid":{"rendered":"http:\/\/hopital-de-campagne.com\/?page_id=429"},"modified":"2022-03-04T17:05:31","modified_gmt":"2022-03-04T16:05:31","slug":"maison-dedition","status":"publish","type":"page","link":"https:\/\/hopital-de-campagne.com\/index.php\/maison-dedition\/","title":{"rendered":"Maison d&rsquo;Edition H\u00f4pital de Campagne"},"content":{"rendered":"\n<p>To access the English version of this page, please click <a href=\"https:\/\/hopital-de-campagne.com\/en\/index.php\/maison-dedition\/\">here<\/a>.<\/p>\n\n\n\n<p>Dans le cadre de notre association\n\u00ab&nbsp;H\u00d4PITAL DE CAMPAGNE&nbsp;\u00bb nous avons r\u00e9cemment cr\u00e9\u00e9 notre propre maison\nd\u2019\u00e9dition de statut associatif appel\u00e9e \u00ab&nbsp;MAISON D\u2019EDITION H\u00d4PITAL DE\nCAMPAGNE&nbsp;\u00bb<\/p>\n\n\n\n<p>Cependant notre Maison d\u2019Edition a des\nparticularit\u00e9s&nbsp;qui sont les suivantes, telles que vot\u00e9es par notre Conseil\nd\u2019Administration&nbsp;: <\/p>\n\n\n\n<p>1.\/ Tous nos auteurs doivent \u00eatre\nMembres adh\u00e9rents de notre Association et de ce fait doivent signer notre\nCharte Ethique qui est publi\u00e9e sur notre site.<\/p>\n\n\n\n<p>2.\/ Nous ne publions que des ouvrages en\nrapport avec la mission de notre Association, c\u2019est-\u00e0-dire essentiellement des\nouvrages regroup\u00e9s en collections de Bio\u00e9thique, de M\u00e9decine, de Th\u00e9ologie,\nd\u2019Histoire, de Sciences, ainsi que des ouvrages pour enfants qui seront\ndestin\u00e9s aux services de p\u00e9diatrie.<\/p>\n\n\n\n<p>3.\/ Nos auteurs doivent renoncer \u00e0 leurs\ndroits d\u2019auteur au profit de la mission de notre Association, c\u2019est-\u00e0-dire que\ntout l\u2019argent collect\u00e9 sert exclusivement \u00e0 la construction de nos H\u00f4pitaux de\nCampagne.<\/p>\n\n\n\n<p>4.\/ Nous vendrons les ouvrages de nos\nauteurs sur le site de notre Association \u00e0 des prix faibles car nous sommes une\nAssociation \u00e0 but non lucratif. <\/p>\n\n\n\n<p>Le Directeur de notre Comit\u00e9 de lecture\nest le Professeur J. ASSURMENDI, Professeur Honoraire, Directeur de la\nBiblioth\u00e8que BOSEB de l\u2019INSTITUT CATHOLIQUE DE PARIS.<\/p>\n","protected":false},"excerpt":{"rendered":"<p>To access the English version of this page, please click here. Dans le cadre de notre association \u00ab&nbsp;H\u00d4PITAL DE CAMPAGNE&nbsp;\u00bb nous avons r\u00e9cemment cr\u00e9\u00e9 notre propre maison d\u2019\u00e9dition de statut associatif appel\u00e9e \u00ab&nbsp;MAISON D\u2019EDITION H\u00d4PITAL DE CAMPAGNE&nbsp;\u00bb Cependant notre Maison <a class=\"more-link\" href=\"https:\/\/hopital-de-campagne.com\/index.php\/maison-dedition\/\">Continuer la lecture <span class=\"screen-reader-text\">  Maison d&rsquo;Edition H\u00f4pital de Campagne<\/span><span class=\"meta-nav\">&rarr;<\/span><\/a><\/p>\n","protected":false},"author":1,"featured_media":0,"parent":0,"menu_order":0,"comment_status":"closed","ping_status":"closed","template":"","meta":{"footnotes":""},"_links":{"self":[{"href":"https:\/\/hopital-de-campagne.com\/index.php\/wp-json\/wp\/v2\/pages\/429"}],"collection":[{"href":"https:\/\/hopital-de-campagne.com\/index.php\/wp-json\/wp\/v2\/pages"}],"about":[{"href":"https:\/\/hopital-de-campagne.com\/index.php\/wp-json\/wp\/v2\/types\/page"}],"author":[{"embeddable":true,"href":"https:\/\/hopital-de-campagne.com\/index.php\/wp-json\/wp\/v2\/users\/1"}],"replies":[{"embeddable":true,"href":"https:\/\/hopital-de-campagne.com\/index.php\/wp-json\/wp\/v2\/comments?post=429"}],"version-history":[{"count":4,"href":"https:\/\/hopital-de-campagne.com\/index.php\/wp-json\/wp\/v2\/pages\/429\/revisions"}],"predecessor-version":[{"id":761680,"href":"https:\/\/hopital-de-campagne.com\/index.php\/wp-json\/wp\/v2\/pages\/429\/revisions\/761680"}],"wp:attachment":[{"href":"https:\/\/hopital-de-campagne.com\/index.php\/wp-json\/wp\/v2\/media?parent=429"}],"curies":[{"name":"wp","href":"https:\/\/api.w.org\/{rel}","templated":true}]}}