{"id":338,"date":"2020-06-14T19:43:57","date_gmt":"2020-06-14T17:43:57","guid":{"rendered":"http:\/\/hopital-de-campagne.com\/?page_id=338"},"modified":"2022-03-04T17:10:11","modified_gmt":"2022-03-04T16:10:11","slug":"la-lettre-du-pape-francois","status":"publish","type":"page","link":"https:\/\/hopital-de-campagne.com\/index.php\/la-lettre-du-pape-francois\/","title":{"rendered":"La Lettre du Pape Fran\u00e7ois"},"content":{"rendered":"\n<p>To access the English version of this page, please click <a href=\"https:\/\/hopital-de-campagne.com\/en\/index.php\/la-lettre-du-pape-francois\/\">here<\/a>.<\/p>\n\n\n\n<p>Sa Saintet\u00e9 le Pape Fran\u00e7ois a fait envoyer une lettre du Vatican, arriv\u00e9e chez nous le vendredi 5 Juin 2020, le jour de notre Cha\u00eene Mondiale de Pri\u00e8res, pour donner sa b\u00e9n\u00e9diction et apporter son soutien \u00e0 notre Association \u00ab H\u00f4pital de Campagne \u00bb ainsi qu\u2019\u00e0 tous ses Membres. C\u2019est pour nous tous un encouragement et une joie immense, que nous souhaitons vous faire partager en publiant cette lettre du Vatican sur notre site internet.<\/p>\n\n\n\n<figure class=\"wp-block-image size-large\"><img loading=\"lazy\" decoding=\"async\" width=\"725\" height=\"1024\" src=\"http:\/\/hopital-de-campagne.com\/wp-content\/uploads\/2020\/06\/Lettre-du-Pape-Fran\u00e7ois.jpg\" alt=\"\" class=\"wp-image-346\" srcset=\"https:\/\/hopital-de-campagne.com\/wp-content\/uploads\/2020\/06\/Lettre-du-Pape-Fran\u00e7ois.jpg 725w, https:\/\/hopital-de-campagne.com\/wp-content\/uploads\/2020\/06\/Lettre-du-Pape-Fran\u00e7ois-212x300.jpg 212w\" sizes=\"(max-width: 725px) 100vw, 725px\" \/><\/figure>\n\n\n\n<p><strong>Cliquez <a href=\"http:\/\/hopital-de-campagne.com\/wp-content\/uploads\/2020\/06\/Lettre-du-Pape-Fran\u00e7ois.pdf\">ICI<\/a> pour consulter la Lettre du Pape Fran\u00e7ois.<\/strong><\/p>\n","protected":false},"excerpt":{"rendered":"<p>To access the English version of this page, please click here. Sa Saintet\u00e9 le Pape Fran\u00e7ois a fait envoyer une lettre du Vatican, arriv\u00e9e chez nous le vendredi 5 Juin 2020, le jour de notre Cha\u00eene Mondiale de Pri\u00e8res, pour <a class=\"more-link\" href=\"https:\/\/hopital-de-campagne.com\/index.php\/la-lettre-du-pape-francois\/\">Continuer la lecture <span class=\"screen-reader-text\">  La Lettre du Pape Fran\u00e7ois<\/span><span class=\"meta-nav\">&rarr;<\/span><\/a><\/p>\n","protected":false},"author":1,"featured_media":0,"parent":0,"menu_order":0,"comment_status":"closed","ping_status":"closed","template":"","meta":{"footnotes":""},"_links":{"self":[{"href":"https:\/\/hopital-de-campagne.com\/index.php\/wp-json\/wp\/v2\/pages\/338"}],"collection":[{"href":"https:\/\/hopital-de-campagne.com\/index.php\/wp-json\/wp\/v2\/pages"}],"about":[{"href":"https:\/\/hopital-de-campagne.com\/index.php\/wp-json\/wp\/v2\/types\/page"}],"author":[{"embeddable":true,"href":"https:\/\/hopital-de-campagne.com\/index.php\/wp-json\/wp\/v2\/users\/1"}],"replies":[{"embeddable":true,"href":"https:\/\/hopital-de-campagne.com\/index.php\/wp-json\/wp\/v2\/comments?post=338"}],"version-history":[{"count":11,"href":"https:\/\/hopital-de-campagne.com\/index.php\/wp-json\/wp\/v2\/pages\/338\/revisions"}],"predecessor-version":[{"id":761683,"href":"https:\/\/hopital-de-campagne.com\/index.php\/wp-json\/wp\/v2\/pages\/338\/revisions\/761683"}],"wp:attachment":[{"href":"https:\/\/hopital-de-campagne.com\/index.php\/wp-json\/wp\/v2\/media?parent=338"}],"curies":[{"name":"wp","href":"https:\/\/api.w.org\/{rel}","templated":true}]}}